{"id":186,"date":"2022-12-10T12:16:26","date_gmt":"2022-12-10T09:16:26","guid":{"rendered":"http:\/\/hareahsap.com\/index.php\/home\/"},"modified":"2024-07-02T20:04:56","modified_gmt":"2024-07-02T17:04:56","slug":"home","status":"publish","type":"page","link":"https:\/\/logoankara.com.tr\/","title":{"rendered":"AnaSayfa"},"content":{"rendered":"\n<h1 class=\"wp-block-heading has-text-align-center\"><em>\u00c7<\/em><\/h1>\n\n\n\n<figure class=\"wp-block-gallery has-nested-images columns-default is-cropped wp-block-gallery-1 is-layout-flex wp-block-gallery-is-layout-flex\">\n<figure class=\"wp-block-image size-large\"><img loading=\"lazy\" decoding=\"async\" width=\"386\" height=\"130\" data-id=\"1056\" src=\"https:\/\/logoankara.com.tr\/wp-content\/uploads\/2024\/07\/logogo3.png\" alt=\"\" class=\"wp-image-1056\" srcset=\"https:\/\/logoankara.com.tr\/wp-content\/uploads\/2024\/07\/logogo3.png 386w, https:\/\/logoankara.com.tr\/wp-content\/uploads\/2024\/07\/logogo3-300x101.png 300w\" sizes=\"(max-width: 386px) 100vw, 386px\" \/><\/figure>\n<\/figure>\n\n\n\n<hr class=\"wp-block-separator has-alpha-channel-opacity is-style-default\"\/>\n\n\n\n<h1 class=\"wp-block-heading has-text-align-center\"> <em>   W<\/em><\/h1>\n\n\n\n<figure class=\"wp-block-gallery has-nested-images columns-default is-cropped wp-block-gallery-2 is-layout-flex wp-block-gallery-is-layout-flex\"><\/figure>\n\n\n\n<div class=\"wp-block-columns is-layout-flex wp-container-core-columns-layout-1 wp-block-columns-is-layout-flex\">\n<div class=\"wp-block-column is-layout-flow wp-block-column-is-layout-flow\" style=\"flex-basis:100%\">\n<hr class=\"wp-block-separator has-alpha-channel-opacity is-style-default\"\/>\n\n\n\n<h1 class=\"wp-block-heading has-text-align-center\">O<\/h1>\n<\/div>\n<\/div>\n\n\n\n<figure class=\"wp-block-gallery has-nested-images columns-default is-cropped wp-block-gallery-3 is-layout-flex wp-block-gallery-is-layout-flex\"><\/figure>\n\n\n\n<hr class=\"wp-block-separator has-alpha-channel-opacity\"\/>\n\n\n\n<h2 class=\"wp-block-heading has-text-align-center\">           <em>D<\/em><\/h2>\n\n\n\n<figure class=\"wp-block-pullquote has-text-align-center\" style=\"border-width:3px;font-size:10px\"><blockquote><p><em><strong>\u25fe\u00d6zel Yaz\u0131l\u0131mlar<br>\u25feBol \u00e7e\u015fit<br>\u25feAnkara i\u00e7i yerinde servis ile teslimat<br>\u25fe\u015eehir d\u0131\u015f\u0131na uzaktan destek hizmeti<br>Sosyal Medya Hesaplar\u0131m\u0131z veya 0312 353 55 55 numara \u00fczerinden bizimle ileti\u015fim ge\u00e7ebilirisiniz<br><\/strong><\/em><\/p><\/blockquote><\/figure>\n","protected":false},"excerpt":{"rendered":"<p>\u00c7 W O D \u25fe\u00d6zel Yaz\u0131l\u0131mlar\u25feBol \u00e7e\u015fit\u25feAnkara i\u00e7i yerinde servis ile teslimat\u25fe\u015eehir d\u0131\u015f\u0131na uzaktan destek hizmetiSosyal Medya Hesaplar\u0131m\u0131z veya 0312 353 55 55 numara \u00fczerinden bizimle ileti\u015fim ge\u00e7ebilirisiniz<\/p>\n","protected":false},"author":1,"featured_media":0,"parent":0,"menu_order":0,"comment_status":"closed","ping_status":"closed","template":"","meta":{"footnotes":""},"_links":{"self":[{"href":"https:\/\/logoankara.com.tr\/index.php\/wp-json\/wp\/v2\/pages\/186"}],"collection":[{"href":"https:\/\/logoankara.com.tr\/index.php\/wp-json\/wp\/v2\/pages"}],"about":[{"href":"https:\/\/logoankara.com.tr\/index.php\/wp-json\/wp\/v2\/types\/page"}],"author":[{"embeddable":true,"href":"https:\/\/logoankara.com.tr\/index.php\/wp-json\/wp\/v2\/users\/1"}],"replies":[{"embeddable":true,"href":"https:\/\/logoankara.com.tr\/index.php\/wp-json\/wp\/v2\/comments?post=186"}],"version-history":[{"count":78,"href":"https:\/\/logoankara.com.tr\/index.php\/wp-json\/wp\/v2\/pages\/186\/revisions"}],"predecessor-version":[{"id":1058,"href":"https:\/\/logoankara.com.tr\/index.php\/wp-json\/wp\/v2\/pages\/186\/revisions\/1058"}],"wp:attachment":[{"href":"https:\/\/logoankara.com.tr\/index.php\/wp-json\/wp\/v2\/media?parent=186"}],"curies":[{"name":"wp","href":"https:\/\/api.w.org\/{rel}","templated":true}]}}