{"id":13,"date":"2021-03-12T21:50:46","date_gmt":"2021-03-12T21:50:46","guid":{"rendered":"http:\/\/hareahsap.com\/?page_id=13"},"modified":"2022-12-09T15:11:15","modified_gmt":"2022-12-09T12:11:15","slug":"layout","status":"publish","type":"page","link":"https:\/\/logoankara.com.tr\/index.php\/layout\/","title":{"rendered":"Hakk\u0131m\u0131zda"},"content":{"rendered":"<h3 style=\"text-align: center;\"><em>Hare ah\u015fap ge\u00e7mi\u015ften g\u00fcn\u00fcm\u00fcze uzanan tecr\u00fcbenin kurumsalla\u015fm\u0131\u015f halidir.<\/em><\/h3>\n<p><\/p>\n<h4 style=\"text-align: center;\"><em>Sizin<\/em> i\u00e7in \u00f6zenle se\u00e7ti\u011fimiz keresteleri i\u015fleyerek sanata d\u00f6n\u00fc\u015ft\u00fcr\u00fcyoruz&#8230;<\/h4>\n<p><\/p>\n<h3 style=\"text-align: center;\"><em>Evinize, ofisinize,bah\u00e7enize de\u011fer katmak i\u00e7in,do\u011fadan gelen sanat\u0131 sizlerle bulu\u015fturmak, \u00f6zg\u00fcn tasar\u0131mlar, \u00f6zel sipari\u015fler, iste\u011finize g\u00f6re ah\u015fap \u00fcr\u00fcnleri sizlerle bulu\u015fturmak i\u00e7in gece g\u00fcnd\u00fcz \u00e7al\u0131\u015f\u0131yoruz.<\/em><\/h3>\n<p><\/p>\n<h2 style=\"text-align: center;\">\u221aKalite&nbsp; &nbsp; &nbsp; &nbsp; &nbsp; &nbsp; &nbsp; &nbsp; &nbsp; &nbsp; &nbsp; &nbsp; &nbsp; &nbsp; \u221aG\u00fcven&nbsp; &nbsp; &nbsp; &nbsp; &nbsp; &nbsp; &nbsp; &nbsp; &nbsp; &nbsp; &nbsp; &nbsp; &nbsp; &nbsp; &nbsp;\u221aMemnuniyet<\/h2>\n\n\n<p><\/p>\n\n\n<div class=\"wp-block-image\">\n<figure class=\"aligncenter size-full is-resized\"><img loading=\"lazy\" decoding=\"async\" src=\"https:\/\/logoankara.com.tr\/wp-content\/uploads\/2022\/11\/20221011_151446-1-1-edited.jpg\" alt=\"\" class=\"wp-image-867\" width=\"576\" height=\"432\" srcset=\"https:\/\/logoankara.com.tr\/wp-content\/uploads\/2022\/11\/20221011_151446-1-1-edited.jpg 576w, https:\/\/logoankara.com.tr\/wp-content\/uploads\/2022\/11\/20221011_151446-1-1-edited-300x225.jpg 300w\" sizes=\"(max-width: 576px) 100vw, 576px\" \/><\/figure><\/div>\n\n\n<figure class=\"wp-block-image size-large\"><img loading=\"lazy\" decoding=\"async\" width=\"1024\" height=\"768\" src=\"https:\/\/logoankara.com.tr\/wp-content\/uploads\/2022\/12\/IMG_20221206_175152-min-1024x768.jpg\" alt=\"\" class=\"wp-image-923\" srcset=\"https:\/\/logoankara.com.tr\/wp-content\/uploads\/2022\/12\/IMG_20221206_175152-min-1024x768.jpg 1024w, https:\/\/logoankara.com.tr\/wp-content\/uploads\/2022\/12\/IMG_20221206_175152-min-300x225.jpg 300w, https:\/\/logoankara.com.tr\/wp-content\/uploads\/2022\/12\/IMG_20221206_175152-min-768x576.jpg 768w, https:\/\/logoankara.com.tr\/wp-content\/uploads\/2022\/12\/IMG_20221206_175152-min-1536x1152.jpg 1536w, https:\/\/logoankara.com.tr\/wp-content\/uploads\/2022\/12\/IMG_20221206_175152-min-2048x1536.jpg 2048w\" sizes=\"(max-width: 1024px) 100vw, 1024px\" \/><\/figure>\n","protected":false},"excerpt":{"rendered":"<p>Hare ah\u015fap ge\u00e7mi\u015ften g\u00fcn\u00fcm\u00fcze uzanan tecr\u00fcbenin kurumsalla\u015fm\u0131\u015f halidir. Sizin i\u00e7in \u00f6zenle se\u00e7ti\u011fimiz keresteleri i\u015fleyerek sanata d\u00f6n\u00fc\u015ft\u00fcr\u00fcyoruz&#8230; Evinize, ofisinize,bah\u00e7enize de\u011fer katmak i\u00e7in,do\u011fadan gelen sanat\u0131 sizlerle bulu\u015fturmak, \u00f6zg\u00fcn tasar\u0131mlar, \u00f6zel sipari\u015fler, iste\u011finize g\u00f6re ah\u015fap \u00fcr\u00fcnleri sizlerle bulu\u015fturmak i\u00e7in gece g\u00fcnd\u00fcz \u00e7al\u0131\u015f\u0131yoruz. \u221aKalite&nbsp; &nbsp; &nbsp; &nbsp; &nbsp; &nbsp; &nbsp; &nbsp; &nbsp; &nbsp; &nbsp; &nbsp; &nbsp; &nbsp; \u221aG\u00fcven&nbsp; &nbsp; [&hellip;]<\/p>\n","protected":false},"author":1,"featured_media":0,"parent":0,"menu_order":0,"comment_status":"closed","ping_status":"closed","template":"","meta":{"footnotes":""},"_links":{"self":[{"href":"https:\/\/logoankara.com.tr\/index.php\/wp-json\/wp\/v2\/pages\/13"}],"collection":[{"href":"https:\/\/logoankara.com.tr\/index.php\/wp-json\/wp\/v2\/pages"}],"about":[{"href":"https:\/\/logoankara.com.tr\/index.php\/wp-json\/wp\/v2\/types\/page"}],"author":[{"embeddable":true,"href":"https:\/\/logoankara.com.tr\/index.php\/wp-json\/wp\/v2\/users\/1"}],"replies":[{"embeddable":true,"href":"https:\/\/logoankara.com.tr\/index.php\/wp-json\/wp\/v2\/comments?post=13"}],"version-history":[{"count":16,"href":"https:\/\/logoankara.com.tr\/index.php\/wp-json\/wp\/v2\/pages\/13\/revisions"}],"predecessor-version":[{"id":924,"href":"https:\/\/logoankara.com.tr\/index.php\/wp-json\/wp\/v2\/pages\/13\/revisions\/924"}],"wp:attachment":[{"href":"https:\/\/logoankara.com.tr\/index.php\/wp-json\/wp\/v2\/media?parent=13"}],"curies":[{"name":"wp","href":"https:\/\/api.w.org\/{rel}","templated":true}]}}